{"id":799,"date":"2024-12-27T10:32:36","date_gmt":"2024-12-27T09:32:36","guid":{"rendered":"https:\/\/casaanitaparis.com\/gracies\/"},"modified":"2024-12-27T10:33:43","modified_gmt":"2024-12-27T09:33:43","slug":"gracies","status":"publish","type":"page","link":"https:\/\/casaanitaparis.com\/ca\/gracies\/","title":{"rendered":"Gr\u00e0cies"},"content":{"rendered":"<section class=\"l-section wpb_row height_medium width_custom color_primary with_shape\" style=\"--site-content-width:1500px;\"><div class=\"l-section-shape type_triangle pos_bottom hor_flip\" style=\"height:15vmin;\"><svg xmlns=\"http:\/\/www.w3.org\/2000\/svg\" viewBox=\"0 0 64 8\" preserveAspectRatio=\"none\" width=\"100%\" height=\"100%\">\r\n\t<path fill=\"currentColor\" d=\"M64 8 L0 8 L0 0 L32 7.9 L64 0 Z\"\/>\r\n<\/svg><\/div><div class=\"l-section-h i-cf\"><div class=\"g-cols vc_row via_grid cols_1 laptops-cols_inherit tablets-cols_inherit mobiles-cols_1 valign_top type_default stacking_default\"><div class=\"wpb_column vc_column_container\"><div class=\"vc_column-inner\"><h1 class=\"w-text us_custom_8a834bf8 us_animate_this\"><span class=\"w-text-h\"><span class=\"w-text-value\">Gr\u00e0cies<\/span><\/span><\/h1><\/div><\/div><\/div><\/div><\/section><section class=\"l-section wpb_row height_medium\"><div class=\"l-section-h i-cf\"><div class=\"g-cols vc_row via_grid cols_1 laptops-cols_inherit tablets-cols_inherit mobiles-cols_1 valign_top type_default stacking_default\"><div class=\"wpb_column vc_column_container\"><div class=\"vc_column-inner\"><div class=\"wpb_text_column\"><div class=\"wpb_wrapper\"><p>Estem encantats que hagis triat Casa Anita per a la teva propera experi\u00e8ncia gastron\u00f2mica! La teva reserva ha estat confirmada i estem ansiosos per donar-te la benvinguda.<\/p>\n<p><span><strong>Qu\u00e8 pots esperar?<\/strong>  A Casa Anita, ens sentim orgullosos d&#8217;oferir una experi\u00e8ncia culin\u00e0ria \u00fanica, amb ingredients frescos i de proximitat. El nostre xef ha preparat un men\u00fa especial que n&#8217;estem segurs t&#8217;encantar\u00e0.<\/span><\/p>\n<p><span><strong>Tens alguna pregunta?<\/strong>  Si necessites fer algun canvi a la teva reserva o tens alguna pregunta, no dubtis a contactar-nos:<\/span><\/p>\n<ul>\n<li><span><strong>Tel\u00e8fon:<\/strong> <a class=\"w-text-h\" href=\"tel:938 %2002% 2066%2009\"><span class=\"w-text-value\">938 02 66 09<\/span><\/a><\/span><\/li>\n<li><span><strong>Correu Electr\u00f2nic:<\/strong> <a href=\"mailto:info@casaanitaparis.com\">info@casaanitaparis.com<\/a><\/span><\/li>\n<\/ul>\n<p><span><strong>Segueix-nos a Xarxes Socials<\/strong> Estigues al dia amb les nostres \u00faltimes not\u00edcies, esdeveniments i promocions seguint-nos a les nostres xarxes socials:<\/span><\/p>\n<ul>\n<li><a href=\"https:\/\/www.instagram.com\/casaanita_enparis\/\"><strong>Instagram<\/strong><\/a><\/li>\n<\/ul>\n<p><span><strong>Ens Veiem Aviat!<\/strong>  Gr\u00e0cies per triar Casa Anita. Estem emocionats de compartir amb tu una nit plena de gust i alegria.<\/span><\/p>\n<\/div><\/div><\/div><\/div><\/div><\/div><\/section>\n","protected":false},"excerpt":{"rendered":"Gr\u00e0ciesEstem encantats que hagis triat Casa Anita per a la teva propera experi\u00e8ncia gastron\u00f2mica! La teva reserva ha estat confirmada i estem ansiosos per donar-te la benvinguda. Qu\u00e8 pots esperar? A Casa Anita, ens sentim orgullosos d&#8217;oferir una experi\u00e8ncia culin\u00e0ria \u00fanica, amb ingredients frescos i de proximitat. El nostre xef ha preparat un men\u00fa especial...","protected":false},"author":1,"featured_media":0,"parent":0,"menu_order":0,"comment_status":"closed","ping_status":"closed","template":"","meta":{"footnotes":""},"class_list":["post-799","page","type-page","status-publish","hentry"],"_links":{"self":[{"href":"https:\/\/casaanitaparis.com\/ca\/wp-json\/wp\/v2\/pages\/799","targetHints":{"allow":["GET"]}}],"collection":[{"href":"https:\/\/casaanitaparis.com\/ca\/wp-json\/wp\/v2\/pages"}],"about":[{"href":"https:\/\/casaanitaparis.com\/ca\/wp-json\/wp\/v2\/types\/page"}],"author":[{"embeddable":true,"href":"https:\/\/casaanitaparis.com\/ca\/wp-json\/wp\/v2\/users\/1"}],"replies":[{"embeddable":true,"href":"https:\/\/casaanitaparis.com\/ca\/wp-json\/wp\/v2\/comments?post=799"}],"version-history":[{"count":2,"href":"https:\/\/casaanitaparis.com\/ca\/wp-json\/wp\/v2\/pages\/799\/revisions"}],"predecessor-version":[{"id":801,"href":"https:\/\/casaanitaparis.com\/ca\/wp-json\/wp\/v2\/pages\/799\/revisions\/801"}],"wp:attachment":[{"href":"https:\/\/casaanitaparis.com\/ca\/wp-json\/wp\/v2\/media?parent=799"}],"curies":[{"name":"wp","href":"https:\/\/api.w.org\/{rel}","templated":true}]}}