{"id":757,"date":"2024-08-19T12:21:35","date_gmt":"2024-08-19T10:21:35","guid":{"rendered":"https:\/\/casaanitaparis.com\/esdeveniments\/"},"modified":"2024-12-20T12:00:27","modified_gmt":"2024-12-20T11:00:27","slug":"esdeveniments","status":"publish","type":"page","link":"https:\/\/casaanitaparis.com\/ca\/esdeveniments\/","title":{"rendered":"Esdeveniments"},"content":{"rendered":"<section class=\"l-section wpb_row height_medium width_custom color_primary with_shape\" style=\"--site-content-width:1500px;\"><div class=\"l-section-shape type_triangle pos_bottom hor_flip\" style=\"height:15vmin;\"><svg xmlns=\"http:\/\/www.w3.org\/2000\/svg\" viewBox=\"0 0 64 8\" preserveAspectRatio=\"none\" width=\"100%\" height=\"100%\">\r\n\t<path fill=\"currentColor\" d=\"M64 8 L0 8 L0 0 L32 7.9 L64 0 Z\"\/>\r\n<\/svg><\/div><div class=\"l-section-h i-cf\"><div class=\"g-cols vc_row via_grid cols_1 laptops-cols_inherit tablets-cols_inherit mobiles-cols_1 valign_top type_default stacking_default\"><div class=\"wpb_column vc_column_container\"><div class=\"vc_column-inner\"><h1 class=\"w-text us_custom_8a834bf8 us_animate_this\"><span class=\"w-text-h\"><span class=\"w-text-value\">Esdeveniments<\/span><\/span><\/h1><\/div><\/div><\/div><\/div><\/section><section class=\"l-section wpb_row height_medium color_alternate\"><div class=\"l-section-h i-cf\"><div class=\"g-cols vc_row via_grid cols_1 laptops-cols_inherit tablets-cols_inherit mobiles-cols_1 valign_top type_default stacking_default\"><div class=\"wpb_column vc_column_container\"><div class=\"vc_column-inner\"><div class=\"g-cols wpb_row via_grid cols_2 laptops-cols_inherit tablets-cols_inherit mobiles-cols_1 valign_middle type_default reversed stacking_default\" style=\"--columns-gap:3rem;\"><div data-us-scroll=\"{&quot;from_initial_position&quot;:&quot;0&quot;,&quot;start_position&quot;:&quot;0%&quot;,&quot;end_position&quot;:&quot;100%&quot;,&quot;delay&quot;:&quot;0.2s&quot;,&quot;translate_y_direction&quot;:&quot;down&quot;,&quot;translate_y_speed&quot;:&quot;0.2x&quot;}\" class=\"wpb_column vc_column_container has_scroll_effects has_translate_y\"><div class=\"vc_column-inner\"><div class=\"wpb_text_column\"><div class=\"wpb_wrapper\"><h3><span>Sala privada<\/span><\/h3>\n<p><span>Al nostre restaurant, creiem en la import\u00e0ncia de crear moments especials i records duradors. Per aix\u00f2, t&#8217;oferim una <\/span><strong>sala privada<\/strong><span> dissenyada per allotjar esdeveniments \u00edntims i exclusius. Amb capacitat per <\/span><strong>14 persones<\/strong>, <span>aquest espai \u00e9s ideal per a reunions familiars, celebracions d&#8217;aniversaris o trobades de negocis.<\/span><\/p>\n<p>Cada esdeveniment \u00e9s una oportunitat per crear records duradors. Oferim men\u00fas tancats amb una varietat de platets per compartir, aigua, caf\u00e8s i mitja ampolla de vi per persona.<\/p>\n<\/div><\/div><div class=\"w-separator size_custom\" style=\"height:2rem\"><\/div><div class=\"w-hwrapper hide_on_mobiles valign_top align_none\" style=\"--hwrapper-gap:1rem\"><div class=\"w-btn-wrapper align_none\"><a class=\"w-btn us-btn-style_1\" href=\"https:\/\/casaanitaparis.com\/ca\/reserves\/\"><span class=\"w-btn-label\">Reserva<\/span><\/a><\/div><div class=\"w-btn-wrapper align_none\"><a class=\"w-btn us-btn-style_3\" href=\"https:\/\/casaanitaparis.com\/contacto\/\"><span class=\"w-btn-label\">Contacte<\/span><\/a><\/div><\/div><div class=\"w-vwrapper hide_on_default hide_on_laptops hide_on_tablets align_none valign_top\"><div class=\"w-btn-wrapper align_none\"><a class=\"w-btn us-btn-style_1\" href=\"https:\/\/casaanitaparis.com\/ca\/reserves\/\"><span class=\"w-btn-label\">Reserva<\/span><\/a><\/div><div class=\"w-btn-wrapper align_none\"><a class=\"w-btn us-btn-style_3\" href=\"https:\/\/casaanitaparis.com\/contacto\/\"><span class=\"w-btn-label\">Contacte<\/span><\/a><\/div><\/div><\/div><\/div><div data-us-scroll=\"{&quot;from_initial_position&quot;:&quot;0&quot;,&quot;start_position&quot;:&quot;0%&quot;,&quot;end_position&quot;:&quot;100%&quot;,&quot;delay&quot;:&quot;0.2s&quot;,&quot;translate_y_direction&quot;:&quot;up&quot;,&quot;translate_y_speed&quot;:&quot;0.2x&quot;}\" class=\"wpb_column vc_column_container has_scroll_effects has_translate_y\"><div class=\"vc_column-inner\"><div class=\"w-image hide_on_mobiles style_shadow-2 align_center\"><div class=\"w-image-h\"><div class=\"w-image-shadow\" style=\"background-image:url(https:\/\/casaanitaparis.com\/wp-content\/uploads\/2024\/08\/Imagen-de-WhatsApp-2024-08-18-a-las-11.32.56_8054dafa.jpg);\"><\/div><img decoding=\"async\" width=\"1600\" height=\"1066\" src=\"https:\/\/casaanitaparis.com\/wp-content\/uploads\/2024\/08\/Imagen-de-WhatsApp-2024-08-18-a-las-11.32.56_8054dafa.jpg\" class=\"attachment-full size-full\" alt=\"\" loading=\"lazy\" srcset=\"https:\/\/casaanitaparis.com\/wp-content\/uploads\/2024\/08\/Imagen-de-WhatsApp-2024-08-18-a-las-11.32.56_8054dafa.jpg 1600w, https:\/\/casaanitaparis.com\/wp-content\/uploads\/2024\/08\/Imagen-de-WhatsApp-2024-08-18-a-las-11.32.56_8054dafa-300x200.jpg 300w, https:\/\/casaanitaparis.com\/wp-content\/uploads\/2024\/08\/Imagen-de-WhatsApp-2024-08-18-a-las-11.32.56_8054dafa-1024x682.jpg 1024w\" sizes=\"auto, (max-width: 1600px) 100vw, 1600px\" \/><\/div><\/div><div class=\"w-image hide_on_default hide_on_laptops hide_on_tablets style_shadow-2 has_ratio align_center\"><div class=\"w-image-h\"><div style=\"padding-bottom:75%\"><\/div><div class=\"w-image-shadow\" style=\"background-image:url(https:\/\/casaanitaparis.com\/wp-content\/uploads\/2024\/08\/Imagen-de-WhatsApp-2024-08-18-a-las-11.32.56_8054dafa.jpg);\"><\/div><img decoding=\"async\" width=\"1600\" height=\"1066\" src=\"https:\/\/casaanitaparis.com\/wp-content\/uploads\/2024\/08\/Imagen-de-WhatsApp-2024-08-18-a-las-11.32.56_8054dafa.jpg\" class=\"attachment-full size-full\" alt=\"\" loading=\"lazy\" \/><\/div><\/div><\/div><\/div><\/div><\/div><\/div><\/div><\/div><\/section><section class=\"l-section wpb_row height_medium color_alternate\" id=\"about\"><div class=\"l-section-h i-cf\"><div class=\"g-cols vc_row via_grid cols_1 laptops-cols_inherit tablets-cols_inherit mobiles-cols_1 valign_top type_default stacking_default\"><div class=\"wpb_column vc_column_container\"><div class=\"vc_column-inner\"><div class=\"g-cols wpb_row via_grid cols_2 laptops-cols_inherit tablets-cols_inherit mobiles-cols_1 valign_middle type_default stacking_default\" style=\"--columns-gap:3rem;\"><div data-us-scroll=\"{&quot;from_initial_position&quot;:&quot;0&quot;,&quot;start_position&quot;:&quot;0%&quot;,&quot;end_position&quot;:&quot;100%&quot;,&quot;delay&quot;:&quot;0.2s&quot;,&quot;translate_y_direction&quot;:&quot;down&quot;,&quot;translate_y_speed&quot;:&quot;0.2x&quot;}\" class=\"wpb_column vc_column_container has_scroll_effects has_translate_y\"><div class=\"vc_column-inner\"><div class=\"w-image hide_on_mobiles style_shadow-2 align_center\"><div class=\"w-image-h\"><div class=\"w-image-shadow\" style=\"background-image:url(https:\/\/casaanitaparis.com\/wp-content\/uploads\/2024\/08\/WEB-Casa-de-Anita-de-Paris-20240719-Barcelona-MoneoMoneo-0028.jpg);\"><\/div><img decoding=\"async\" width=\"2048\" height=\"2560\" src=\"https:\/\/casaanitaparis.com\/wp-content\/uploads\/2024\/08\/WEB-Casa-de-Anita-de-Paris-20240719-Barcelona-MoneoMoneo-0028.jpg\" class=\"attachment-full size-full\" alt=\"\" loading=\"lazy\" srcset=\"https:\/\/casaanitaparis.com\/wp-content\/uploads\/2024\/08\/WEB-Casa-de-Anita-de-Paris-20240719-Barcelona-MoneoMoneo-0028.jpg 2048w, https:\/\/casaanitaparis.com\/wp-content\/uploads\/2024\/08\/WEB-Casa-de-Anita-de-Paris-20240719-Barcelona-MoneoMoneo-0028-240x300.jpg 240w, https:\/\/casaanitaparis.com\/wp-content\/uploads\/2024\/08\/WEB-Casa-de-Anita-de-Paris-20240719-Barcelona-MoneoMoneo-0028-819x1024.jpg 819w\" sizes=\"auto, (max-width: 2048px) 100vw, 2048px\" \/><\/div><\/div><div class=\"w-image hide_on_default hide_on_laptops hide_on_tablets style_shadow-2 has_ratio align_center\"><div class=\"w-image-h\"><div style=\"padding-bottom:75%\"><\/div><div class=\"w-image-shadow\" style=\"background-image:url(https:\/\/casaanitaparis.com\/wp-content\/uploads\/2024\/08\/WEB-Casa-de-Anita-de-Paris-20240719-Barcelona-MoneoMoneo-0028.jpg);\"><\/div><img decoding=\"async\" width=\"2048\" height=\"2560\" src=\"https:\/\/casaanitaparis.com\/wp-content\/uploads\/2024\/08\/WEB-Casa-de-Anita-de-Paris-20240719-Barcelona-MoneoMoneo-0028.jpg\" class=\"attachment-full size-full\" alt=\"\" loading=\"lazy\" \/><\/div><\/div><\/div><\/div><div data-us-scroll=\"{&quot;from_initial_position&quot;:&quot;0&quot;,&quot;start_position&quot;:&quot;0%&quot;,&quot;end_position&quot;:&quot;100%&quot;,&quot;delay&quot;:&quot;0.2s&quot;,&quot;translate_y_direction&quot;:&quot;up&quot;,&quot;translate_y_speed&quot;:&quot;0.2x&quot;}\" class=\"wpb_column vc_column_container has_scroll_effects has_translate_y\"><div class=\"vc_column-inner\"><div class=\"wpb_text_column\"><div class=\"wpb_wrapper\"><h3><span>Esdeveniments memorables<\/span><\/h3>\n<ul>\n<li><strong>Ambient acollidor<\/strong>: La nostra sala privada est\u00e0 decorada amb eleg\u00e0ncia i calidesa, creant un entorn perfecte pels teus esdeveniments.<\/li>\n<li><strong>Men\u00fa personalitzat:<\/strong> Treballarem amb tu per dissenyar un men\u00fa a mida, adaptat a les vostres prefer\u00e8ncies i necessitats.<\/li>\n<li><strong>Atenci\u00f3 personalitzada:<\/strong> El nostre equip estar\u00e0 a la vostra disposici\u00f3 per garantir que el vostre esdeveniment sigui un \u00e8xit.<\/li>\n<\/ul>\n<\/div><\/div><\/div><\/div><\/div><\/div><\/div><\/div><\/div><\/section>\n","protected":false},"excerpt":{"rendered":"EsdevenimentsSala privada Al nostre restaurant, creiem en la import\u00e0ncia de crear moments especials i records duradors. Per aix\u00f2, t&#8217;oferim una sala privada dissenyada per allotjar esdeveniments \u00edntims i exclusius. Amb capacitat per 14 persones, aquest espai \u00e9s ideal per a reunions familiars, celebracions d&#8217;aniversaris o trobades de negocis. Cada esdeveniment \u00e9s una oportunitat per crear...","protected":false},"author":1,"featured_media":0,"parent":0,"menu_order":0,"comment_status":"closed","ping_status":"closed","template":"","meta":{"footnotes":""},"class_list":["post-757","page","type-page","status-publish","hentry"],"_links":{"self":[{"href":"https:\/\/casaanitaparis.com\/ca\/wp-json\/wp\/v2\/pages\/757","targetHints":{"allow":["GET"]}}],"collection":[{"href":"https:\/\/casaanitaparis.com\/ca\/wp-json\/wp\/v2\/pages"}],"about":[{"href":"https:\/\/casaanitaparis.com\/ca\/wp-json\/wp\/v2\/types\/page"}],"author":[{"embeddable":true,"href":"https:\/\/casaanitaparis.com\/ca\/wp-json\/wp\/v2\/users\/1"}],"replies":[{"embeddable":true,"href":"https:\/\/casaanitaparis.com\/ca\/wp-json\/wp\/v2\/comments?post=757"}],"version-history":[{"count":2,"href":"https:\/\/casaanitaparis.com\/ca\/wp-json\/wp\/v2\/pages\/757\/revisions"}],"predecessor-version":[{"id":759,"href":"https:\/\/casaanitaparis.com\/ca\/wp-json\/wp\/v2\/pages\/757\/revisions\/759"}],"wp:attachment":[{"href":"https:\/\/casaanitaparis.com\/ca\/wp-json\/wp\/v2\/media?parent=757"}],"curies":[{"name":"wp","href":"https:\/\/api.w.org\/{rel}","templated":true}]}}