{"id":743,"date":"2022-09-09T16:52:59","date_gmt":"2022-09-09T14:52:59","guid":{"rendered":"https:\/\/casaanitaparis.com\/inici\/"},"modified":"2026-04-02T09:10:45","modified_gmt":"2026-04-02T07:10:45","slug":"inici","status":"publish","type":"page","link":"https:\/\/casaanitaparis.com\/ca\/","title":{"rendered":"Inici"},"content":{"rendered":"<section class=\"l-section wpb_row us_custom_e11ab399 height_medium width_custom color_primary with_shape\" style=\"--site-content-width:1500px;\"><div class=\"l-section-shape type_tilt pos_bottom hor_flip\" style=\"height:25vmin;\"><svg xmlns=\"http:\/\/www.w3.org\/2000\/svg\" viewBox=\"0 0 64 8\" preserveAspectRatio=\"none\" width=\"100%\" height=\"100%\">\r\n\t<path fill=\"currentColor\" d=\"M64 7.9 L64 10 L0 10 L0 0 Z\"\/>\r\n<\/svg><\/div><div class=\"l-section-h i-cf\"><div class=\"g-cols vc_row via_grid cols_1 laptops-cols_inherit tablets-cols_inherit mobiles-cols_1 valign_top type_default stacking_default\"><div class=\"wpb_column vc_column_container\"><div class=\"vc_column-inner\"><h1 class=\"w-text us_custom_d8bdce46 us_animate_this\"><span class=\"w-text-h\"><span class=\"w-text-value\">Casa Anita en Par\u00eds<\/span><\/span><\/h1><div class=\"w-image us_custom_e46b05cc us_animate_this style_shadow-1 has_ratio align_center\"><div class=\"w-image-h\"><div style=\"padding-bottom:42.8571%\"><\/div><img fetchpriority=\"high\" decoding=\"async\" width=\"1120\" height=\"480\" src=\"https:\/\/casaanitaparis.com\/wp-content\/uploads\/2024\/08\/Untitled-\u2011-Made-with-FlexClip-1.gif\" class=\"attachment-full size-full\" alt=\"\" loading=\"eager\" \/><\/div><\/div><\/div><\/div><\/div><\/div><\/section><section class=\"l-section wpb_row height_medium color_alternate\"><div class=\"l-section-h i-cf\"><div class=\"g-cols vc_row via_grid cols_1 laptops-cols_inherit tablets-cols_inherit mobiles-cols_1 valign_top type_default stacking_default\"><div class=\"wpb_column vc_column_container\"><div class=\"vc_column-inner\"><div class=\"g-cols wpb_row via_grid cols_2 laptops-cols_inherit tablets-cols_inherit mobiles-cols_1 valign_middle type_default stacking_default\" style=\"--columns-gap:3rem;\" id=\"carta\"><div data-us-scroll=\"{&quot;from_initial_position&quot;:&quot;0&quot;,&quot;start_position&quot;:&quot;0%&quot;,&quot;end_position&quot;:&quot;100%&quot;,&quot;delay&quot;:&quot;0.2s&quot;,&quot;translate_y_direction&quot;:&quot;down&quot;,&quot;translate_y_speed&quot;:&quot;0.2x&quot;}\" class=\"wpb_column vc_column_container has_scroll_effects has_translate_y\"><div class=\"vc_column-inner\"><div class=\"wpb_text_column\"><div class=\"wpb_wrapper\"><h3><span>Ferm comprom\u00eds amb ingredients locals i de proximitat. <\/span><\/h3>\n<p><span>Ens sentim orgullosos del nostre ferm comprom\u00eds amb l&#8217;\u00fas d&#8217;ingredients locals i de proximitat. Aquest enfocament ens permet oferir plats frescos i d&#8217;alta qualitat, ja que els nostres productes s\u00f3n cultivats i produ\u00efts a la regi\u00f3 propera. <\/span><\/p>\n<\/div><\/div><div class=\"w-separator size_custom\" style=\"height:2rem\"><\/div><div class=\"w-hwrapper hide_on_tablets hide_on_mobiles valign_top align_none\"><div class=\"w-btn-wrapper align_none\"><a class=\"w-btn us-btn-style_1\" target=\"_blank\" href=\"https:\/\/casaanitaparis.com\/wp-content\/uploads\/2025\/01\/Carta-Casa-Anita-ESP.pdf\"><span class=\"w-btn-label\">Carta<\/span><\/a><\/div><div class=\"w-btn-wrapper align_none\"><a class=\"w-btn us-btn-style_1\" target=\"_blank\" href=\"https:\/\/casaanitaparis.com\/wp-content\/uploads\/2025\/06\/Menu-Grupos-60E-V3.pdf\"><span class=\"w-btn-label\">Men\u00fa per grups<\/span><\/a><\/div><\/div><div class=\"w-vwrapper hide_on_default hide_on_laptops align_none valign_top\"><div class=\"w-btn-wrapper align_none\"><a class=\"w-btn us-btn-style_1\" target=\"_blank\" href=\"https:\/\/casaanitaparis.com\/wp-content\/uploads\/2025\/01\/Carta-Casa-Anita-ESP.pdf\"><span class=\"w-btn-label\">Carta<\/span><\/a><\/div><div class=\"w-btn-wrapper align_none\"><a class=\"w-btn us-btn-style_1\" target=\"_blank\" href=\"https:\/\/casaanitaparis.com\/wp-content\/uploads\/2025\/06\/Menu-Grupos-60E-V3.pdf\"><span class=\"w-btn-label\">Men\u00fa per grups<\/span><\/a><\/div><\/div><\/div><\/div><div data-us-scroll=\"{&quot;from_initial_position&quot;:&quot;0&quot;,&quot;start_position&quot;:&quot;0%&quot;,&quot;end_position&quot;:&quot;100%&quot;,&quot;delay&quot;:&quot;0.2s&quot;,&quot;translate_y_direction&quot;:&quot;up&quot;,&quot;translate_y_speed&quot;:&quot;0.2x&quot;}\" class=\"wpb_column vc_column_container has_scroll_effects has_translate_y\"><div class=\"vc_column-inner\"><div class=\"w-image hide_on_mobiles style_shadow-2 align_center\"><div class=\"w-image-h\"><div class=\"w-image-shadow\" style=\"background-image:url(https:\/\/casaanitaparis.com\/wp-content\/uploads\/2024\/08\/WEB-Casa-Anita-20240702-Barcelona-MoneoMoneo-0014.jpg);\"><\/div><img decoding=\"async\" width=\"2048\" height=\"2560\" src=\"https:\/\/casaanitaparis.com\/wp-content\/uploads\/2024\/08\/WEB-Casa-Anita-20240702-Barcelona-MoneoMoneo-0014.jpg\" class=\"attachment-full size-full\" alt=\"\" loading=\"lazy\" srcset=\"https:\/\/casaanitaparis.com\/wp-content\/uploads\/2024\/08\/WEB-Casa-Anita-20240702-Barcelona-MoneoMoneo-0014.jpg 2048w, https:\/\/casaanitaparis.com\/wp-content\/uploads\/2024\/08\/WEB-Casa-Anita-20240702-Barcelona-MoneoMoneo-0014-240x300.jpg 240w, https:\/\/casaanitaparis.com\/wp-content\/uploads\/2024\/08\/WEB-Casa-Anita-20240702-Barcelona-MoneoMoneo-0014-819x1024.jpg 819w\" sizes=\"auto, (max-width: 2048px) 100vw, 2048px\" \/><\/div><\/div><div class=\"w-image hide_on_default hide_on_laptops hide_on_tablets style_shadow-2 has_ratio align_center\"><div class=\"w-image-h\"><div style=\"padding-bottom:75%\"><\/div><div class=\"w-image-shadow\" style=\"background-image:url(https:\/\/casaanitaparis.com\/wp-content\/uploads\/2024\/08\/WEB-Casa-Anita-20240702-Barcelona-MoneoMoneo-0014.jpg);\"><\/div><img decoding=\"async\" width=\"2048\" height=\"2560\" src=\"https:\/\/casaanitaparis.com\/wp-content\/uploads\/2024\/08\/WEB-Casa-Anita-20240702-Barcelona-MoneoMoneo-0014.jpg\" class=\"attachment-full size-full\" alt=\"\" loading=\"lazy\" \/><\/div><\/div><\/div><\/div><\/div><\/div><\/div><\/div><\/div><\/section><section class=\"l-section wpb_row height_medium color_alternate\" id=\"about\"><div class=\"l-section-h i-cf\"><div class=\"g-cols vc_row via_grid cols_1 laptops-cols_inherit tablets-cols_inherit mobiles-cols_1 valign_top type_default stacking_default\"><div class=\"wpb_column vc_column_container\"><div class=\"vc_column-inner\"><div class=\"g-cols wpb_row via_grid cols_2 laptops-cols_inherit tablets-cols_inherit mobiles-cols_1 valign_middle type_default reversed stacking_default\" style=\"--columns-gap:3rem;\"><div data-us-scroll=\"{&quot;from_initial_position&quot;:&quot;0&quot;,&quot;start_position&quot;:&quot;0%&quot;,&quot;end_position&quot;:&quot;100%&quot;,&quot;delay&quot;:&quot;0.2s&quot;,&quot;translate_y_direction&quot;:&quot;down&quot;,&quot;translate_y_speed&quot;:&quot;0.2x&quot;}\" class=\"wpb_column vc_column_container has_scroll_effects has_translate_y\"><div class=\"vc_column-inner\"><div class=\"w-image hide_on_mobiles style_shadow-2 align_center\"><div class=\"w-image-h\"><div class=\"w-image-shadow\" style=\"background-image:url(https:\/\/casaanitaparis.com\/wp-content\/uploads\/2024\/08\/WEB-Casa-Anita-20240702-Barcelona-MoneoMoneo-0016.jpg);\"><\/div><img decoding=\"async\" width=\"2048\" height=\"2560\" src=\"https:\/\/casaanitaparis.com\/wp-content\/uploads\/2024\/08\/WEB-Casa-Anita-20240702-Barcelona-MoneoMoneo-0016.jpg\" class=\"attachment-full size-full\" alt=\"\" loading=\"lazy\" srcset=\"https:\/\/casaanitaparis.com\/wp-content\/uploads\/2024\/08\/WEB-Casa-Anita-20240702-Barcelona-MoneoMoneo-0016.jpg 2048w, https:\/\/casaanitaparis.com\/wp-content\/uploads\/2024\/08\/WEB-Casa-Anita-20240702-Barcelona-MoneoMoneo-0016-240x300.jpg 240w, https:\/\/casaanitaparis.com\/wp-content\/uploads\/2024\/08\/WEB-Casa-Anita-20240702-Barcelona-MoneoMoneo-0016-819x1024.jpg 819w\" sizes=\"auto, (max-width: 2048px) 100vw, 2048px\" \/><\/div><\/div><div class=\"w-image hide_on_default hide_on_laptops hide_on_tablets style_shadow-2 has_ratio align_center\"><div class=\"w-image-h\"><div style=\"padding-bottom:75%\"><\/div><div class=\"w-image-shadow\" style=\"background-image:url(https:\/\/casaanitaparis.com\/wp-content\/uploads\/2024\/08\/WEB-Casa-Anita-20240702-Barcelona-MoneoMoneo-0016.jpg);\"><\/div><img decoding=\"async\" width=\"2048\" height=\"2560\" src=\"https:\/\/casaanitaparis.com\/wp-content\/uploads\/2024\/08\/WEB-Casa-Anita-20240702-Barcelona-MoneoMoneo-0016.jpg\" class=\"attachment-full size-full\" alt=\"\" loading=\"lazy\" \/><\/div><\/div><\/div><\/div><div data-us-scroll=\"{&quot;from_initial_position&quot;:&quot;0&quot;,&quot;start_position&quot;:&quot;0%&quot;,&quot;end_position&quot;:&quot;100%&quot;,&quot;delay&quot;:&quot;0.2s&quot;,&quot;translate_y_direction&quot;:&quot;up&quot;,&quot;translate_y_speed&quot;:&quot;0.2x&quot;}\" class=\"wpb_column vc_column_container has_scroll_effects has_translate_y\"><div class=\"vc_column-inner\"><div class=\"wpb_text_column\"><div class=\"wpb_wrapper\"><p>Els fundadors de <strong>Casa Anita en Par\u00eds<\/strong> s\u00f3n David i Andrea, un matrimoni apassionat per la gastronomia. La seva inspiraci\u00f3 per crear el restaurant prov\u00e9 del seu desig d&#8217;oferir una experi\u00e8ncia culin\u00e0ria centrada en la qualitat dels ingredients i un ambient proper i familiar. El nom del restaurant ret homenatge a la seva filla Anita, cosa que reflecteix el seu enfocament personal i familiar a la proposta gastron\u00f2mica, on el marisc, el peix i la cuina tradicional s\u00f3n els protagonistes.<\/p>\n<\/div><\/div><\/div><\/div><\/div><\/div><\/div><\/div><\/div><\/section><section class=\"l-section wpb_row height_medium color_alternate\"><div class=\"l-section-h i-cf\"><div class=\"g-cols vc_row via_grid cols_1 laptops-cols_inherit tablets-cols_inherit mobiles-cols_1 valign_top type_default stacking_default\"><div class=\"wpb_column vc_column_container\"><div class=\"vc_column-inner\"><div class=\"g-cols wpb_row via_grid cols_2 laptops-cols_inherit tablets-cols_inherit mobiles-cols_1 valign_middle type_default stacking_default\" style=\"--columns-gap:3rem;\"><div data-us-scroll=\"{&quot;from_initial_position&quot;:&quot;0&quot;,&quot;start_position&quot;:&quot;0%&quot;,&quot;end_position&quot;:&quot;100%&quot;,&quot;delay&quot;:&quot;0.2s&quot;,&quot;translate_y_direction&quot;:&quot;up&quot;,&quot;translate_y_speed&quot;:&quot;0.2x&quot;}\" class=\"wpb_column vc_column_container has_scroll_effects has_translate_y\"><div class=\"vc_column-inner\"><div class=\"wpb_text_column\"><div class=\"wpb_wrapper\"><h3><span>A Casa Anita, menjar es converteix en una celebraci\u00f3<\/span><\/h3>\n<p><span>La carta elaborada pel xef Rub\u00e9n Olivares Hern\u00e1ndez Morales est\u00e0 dissenyada per a fomentar l&#8217;experi\u00e8ncia de compartir. A difer\u00e8ncia de la tradicional divisi\u00f3 entre primers i segons plats, el nostre men\u00fa convida als comensals a gaudir d&#8217;una varietat de plats en conjunt, creant un ambient social i acollidor.<\/span><\/p>\n<\/div><\/div><\/div><\/div><div data-us-scroll=\"{&quot;from_initial_position&quot;:&quot;0&quot;,&quot;start_position&quot;:&quot;0%&quot;,&quot;end_position&quot;:&quot;100%&quot;,&quot;delay&quot;:&quot;0.2s&quot;,&quot;translate_y_direction&quot;:&quot;down&quot;,&quot;translate_y_speed&quot;:&quot;0.2x&quot;}\" class=\"wpb_column vc_column_container has_scroll_effects has_translate_y\"><div class=\"vc_column-inner\"><div class=\"w-image hide_on_mobiles style_shadow-2 align_center\"><div class=\"w-image-h\"><div class=\"w-image-shadow\" style=\"background-image:url(https:\/\/casaanitaparis.com\/wp-content\/uploads\/2024\/08\/WEB-Casa-de-Anita-de-Paris-20240719-Barcelona-MoneoMoneo-0026.jpg);\"><\/div><img decoding=\"async\" width=\"2048\" height=\"2560\" src=\"https:\/\/casaanitaparis.com\/wp-content\/uploads\/2024\/08\/WEB-Casa-de-Anita-de-Paris-20240719-Barcelona-MoneoMoneo-0026.jpg\" class=\"attachment-full size-full\" alt=\"\" loading=\"lazy\" srcset=\"https:\/\/casaanitaparis.com\/wp-content\/uploads\/2024\/08\/WEB-Casa-de-Anita-de-Paris-20240719-Barcelona-MoneoMoneo-0026.jpg 2048w, https:\/\/casaanitaparis.com\/wp-content\/uploads\/2024\/08\/WEB-Casa-de-Anita-de-Paris-20240719-Barcelona-MoneoMoneo-0026-240x300.jpg 240w, https:\/\/casaanitaparis.com\/wp-content\/uploads\/2024\/08\/WEB-Casa-de-Anita-de-Paris-20240719-Barcelona-MoneoMoneo-0026-819x1024.jpg 819w\" sizes=\"auto, (max-width: 2048px) 100vw, 2048px\" \/><\/div><\/div><div class=\"w-image hide_on_default hide_on_laptops hide_on_tablets style_shadow-2 has_ratio align_center\"><div class=\"w-image-h\"><div style=\"padding-bottom:75%\"><\/div><div class=\"w-image-shadow\" style=\"background-image:url(https:\/\/casaanitaparis.com\/wp-content\/uploads\/2024\/08\/WEB-Casa-de-Anita-de-Paris-20240719-Barcelona-MoneoMoneo-0026.jpg);\"><\/div><img decoding=\"async\" width=\"2048\" height=\"2560\" src=\"https:\/\/casaanitaparis.com\/wp-content\/uploads\/2024\/08\/WEB-Casa-de-Anita-de-Paris-20240719-Barcelona-MoneoMoneo-0026.jpg\" class=\"attachment-full size-full\" alt=\"\" loading=\"lazy\" \/><\/div><\/div><\/div><\/div><\/div><\/div><\/div><\/div><\/div><\/section><section class=\"l-section wpb_row us_custom_19737bc8 height_medium width_custom\" style=\"--site-content-width:800px;\"><div class=\"l-section-h i-cf\"><div class=\"g-cols vc_row via_grid cols_1 laptops-cols_inherit tablets-cols_inherit mobiles-cols_1 valign_top type_default stacking_default\"><div class=\"wpb_column vc_column_container us_custom_60e9caca us_animate_this\"><div class=\"vc_column-inner\"><div class=\"w-separator size_custom\" style=\"height:1rem\"><\/div><h3 class=\"w-text us_custom_fbd781a8 us_animate_this\"><span class=\"w-text-h\"><span class=\"w-text-value\">Gaudeix d\u00b4una experi\u00e8ncia gastron\u00f2mica \u00fanica on cada plat est\u00e0 dissenyat per compartir.<\/span><\/span><\/h3><div class=\"wpb_text_column us_custom_9e35ee28 us_animate_this\"><div class=\"wpb_wrapper\"><p>A Casa Anita, cada \u00e0pat \u00e9s una celebraci\u00f3 de l&#8217;amistat i la fam\u00edlia. Descobriu un ambient acollidor on la gastronomia es converteix en una experi\u00e8ncia social.<\/p>\n<\/div><\/div><div class=\"w-separator size_large\"><\/div><\/div><\/div><\/div><\/div><\/section><section class=\"l-section wpb_row us_custom_b03640aa height_medium width_custom color_primary with_shape\" style=\"--site-content-width:1500px;\"><div class=\"l-section-shape type_tilt pos_top\" style=\"height:25vh;\"><svg xmlns=\"http:\/\/www.w3.org\/2000\/svg\" viewBox=\"0 0 64 8\" preserveAspectRatio=\"none\" width=\"100%\" height=\"100%\">\r\n\t<path fill=\"currentColor\" d=\"M64 7.9 L64 10 L0 10 L0 0 Z\"\/>\r\n<\/svg><\/div><div class=\"l-section-h i-cf\"><div class=\"g-cols vc_row via_grid cols_2 laptops-cols_inherit tablets-cols_1 mobiles-cols_1 valign_top type_default stacking_default\"><div class=\"wpb_column vc_column_container us_custom_95110979 us_animate_this\"><div class=\"vc_column-inner\"><div class=\"w-image style_shadow-1 has_ratio align_none\"><div class=\"w-image-h\"><div style=\"padding-bottom:56.25%\"><\/div><img decoding=\"async\" width=\"2048\" height=\"2560\" src=\"https:\/\/casaanitaparis.com\/wp-content\/uploads\/2024\/08\/WEB-Casa-de-Anita-de-Paris-20240719-Barcelona-MoneoMoneo-0004.jpg\" class=\"attachment-full size-full\" alt=\"\" loading=\"lazy\" \/><\/div><\/div><\/div><\/div><div class=\"wpb_column vc_column_container us_custom_b338d1aa us_animate_this\"><div class=\"vc_column-inner\"><div class=\"w-image style_shadow-1 has_ratio align_none\"><div class=\"w-image-h\"><div style=\"padding-bottom:56.25%\"><\/div><img decoding=\"async\" width=\"2560\" height=\"1707\" src=\"https:\/\/casaanitaparis.com\/wp-content\/uploads\/2024\/08\/WEB-Casa-de-Anita-de-Paris-20240719-Barcelona-MoneoMoneo-0006-scaled.jpg\" class=\"attachment-full size-full\" alt=\"\" loading=\"lazy\" \/><\/div><\/div><\/div><\/div><\/div><\/div><\/section><section class=\"l-section wpb_row us_custom_31b9ec70 height_auto width_custom with_shape\" style=\"--site-content-width:900px;\"><div class=\"l-section-shape type_tilt pos_top hor_flip\" style=\"height:25vh;color:var(--color-content-primary)\"><svg xmlns=\"http:\/\/www.w3.org\/2000\/svg\" viewBox=\"0 0 64 8\" preserveAspectRatio=\"none\" width=\"100%\" height=\"100%\">\r\n\t<path fill=\"currentColor\" d=\"M64 7.9 L64 10 L0 10 L0 0 Z\"\/>\r\n<\/svg><\/div><div class=\"l-section-h i-cf\"><div class=\"g-cols vc_row via_grid cols_1 laptops-cols_inherit tablets-cols_inherit mobiles-cols_1 valign_top type_default stacking_default\"><div class=\"wpb_column vc_column_container us_custom_fb0018f7 us_animate_this has_bg_color\"><div class=\"vc_column-inner\"><h2 class=\"w-text us_custom_eb849559\"><span class=\"w-text-h\"><span class=\"w-text-value\">Contacte<\/span><\/span><\/h2><div class=\"w-separator size_small\"><\/div><div class=\"w-hwrapper hide_on_mobiles valign_top wrap align_center\" style=\"--hwrapper-gap:2rem\"><div class=\"w-text us_custom_bd60aa02 has_text_color icon_atleft\"><a href=\"https:\/\/maps.app.goo.gl\/NDFkT13FuMNr7w7m9\" class=\"w-text-h\"><i class=\"fas fa-map-marker-alt\"><\/i><span class=\"w-text-value\">Carrer De Par\u00eds 175, 08036, Barcelona<\/span><\/a><\/div><div class=\"w-text us_custom_bd60aa02 has_text_color icon_atleft\"><a href=\"mailto:info@casaanitaparis.com\" class=\"w-text-h\"><i class=\"fas fa-envelope\"><\/i><span class=\"w-text-value\">info@casaanitaparis.com<\/span><\/a><\/div><div class=\"w-text us_custom_bd60aa02 has_text_color icon_atleft\"><a href=\"tel:938 02 66 09\" class=\"w-text-h\"><i class=\"fas fa-phone\"><\/i><span class=\"w-text-value\">938 02 66 09<\/span><\/a><\/div><\/div><div class=\"w-vwrapper hide_on_default hide_on_laptops hide_on_tablets align_none valign_top\"><div class=\"w-text us_custom_ca98201b has_text_color icon_atleft\"><a href=\"https:\/\/maps.app.goo.gl\/NDFkT13FuMNr7w7m9\" class=\"w-text-h\"><i class=\"fas fa-map-marker-alt\"><\/i><span class=\"w-text-value\">Carrer De Par\u00eds 175, 08036, Barcelona<\/span><\/a><\/div><div class=\"w-text us_custom_9bb63b9e has_text_color icon_atleft\"><a href=\"mailto:info@casaanitaparis.com\" class=\"w-text-h\"><i class=\"fas fa-envelope\"><\/i><span class=\"w-text-value\">info@casaanitaparis.com<\/span><\/a><\/div><div class=\"w-text us_custom_9bb63b9e has_text_color icon_atleft\"><a href=\"tel:938 02 66 09\" class=\"w-text-h\"><i class=\"fas fa-phone\"><\/i><span class=\"w-text-value\">938 02 66 09<\/span><\/a><\/div><\/div><\/div><\/div><\/div><\/div><\/section>\n","protected":false},"excerpt":{"rendered":"Casa Anita en Par\u00edsFerm comprom\u00eds amb ingredients locals i de proximitat. Ens sentim orgullosos del nostre ferm comprom\u00eds amb l&#8217;\u00fas d&#8217;ingredients locals i de proximitat. Aquest enfocament ens permet oferir plats frescos i d&#8217;alta qualitat, ja que els nostres productes s\u00f3n cultivats i produ\u00efts a la regi\u00f3 propera. CartaMen\u00fa per grupsCartaMen\u00fa per grupsEls fundadors de...","protected":false},"author":1,"featured_media":0,"parent":0,"menu_order":0,"comment_status":"closed","ping_status":"closed","template":"","meta":{"footnotes":""},"class_list":["post-743","page","type-page","status-publish","hentry"],"_links":{"self":[{"href":"https:\/\/casaanitaparis.com\/ca\/wp-json\/wp\/v2\/pages\/743","targetHints":{"allow":["GET"]}}],"collection":[{"href":"https:\/\/casaanitaparis.com\/ca\/wp-json\/wp\/v2\/pages"}],"about":[{"href":"https:\/\/casaanitaparis.com\/ca\/wp-json\/wp\/v2\/types\/page"}],"author":[{"embeddable":true,"href":"https:\/\/casaanitaparis.com\/ca\/wp-json\/wp\/v2\/users\/1"}],"replies":[{"embeddable":true,"href":"https:\/\/casaanitaparis.com\/ca\/wp-json\/wp\/v2\/comments?post=743"}],"version-history":[{"count":16,"href":"https:\/\/casaanitaparis.com\/ca\/wp-json\/wp\/v2\/pages\/743\/revisions"}],"predecessor-version":[{"id":865,"href":"https:\/\/casaanitaparis.com\/ca\/wp-json\/wp\/v2\/pages\/743\/revisions\/865"}],"wp:attachment":[{"href":"https:\/\/casaanitaparis.com\/ca\/wp-json\/wp\/v2\/media?parent=743"}],"curies":[{"name":"wp","href":"https:\/\/api.w.org\/{rel}","templated":true}]}}